{"id":371,"date":"2010-01-05T18:40:59","date_gmt":"2010-01-06T00:40:59","guid":{"rendered":"http:\/\/entropiarecords.com\/?page_id=371"},"modified":"2016-03-07T20:18:45","modified_gmt":"2016-03-07T22:18:45","slug":"nadaquehacer-2009-apartado-2010-mockers","status":"publish","type":"page","link":"https:\/\/entropiarecords.com\/en\/fotos-toques\/nadaquehacer-2009-apartado-2010-mockers\/","title":{"rendered":"NadaQueHacer despedida 2009 en Apartado Bar y bienvenida 2010 en Mockers"},"content":{"rendered":"<p><strong>NadaQueHacer<\/strong> en <strong>Apartado Bar<\/strong>, Montevideo. \u00daltimo toque del a\u00f1o el 30 de diciembre de 2009:<\/p>\nngg_shortcode_0_placeholder\n<p><strong>NadaQueHacer<\/strong> en <a href=\"http:\/\/toques.entropiarecords.com\/fechas-toques\/fechas-mockers\"><strong>Mockers<\/strong><\/a>, Maldonado. Primer toque del a\u00f1o 2010 el 2 de enero:<\/p>\nngg_shortcode_1_placeholder","protected":false},"excerpt":{"rendered":"<p>NadaQueHacer en Apartado Bar, Montevideo. \u00daltimo toque del a\u00f1o el 30 de diciembre de 2009: NadaQueHacer en Mockers, Maldonado. Primer toque del a\u00f1o 2010 el 2 de enero:<\/p>","protected":false},"author":1,"featured_media":0,"parent":94,"menu_order":0,"comment_status":"closed","ping_status":"closed","template":"","meta":{"ngg_post_thumbnail":0,"footnotes":""},"class_list":["post-371","page","type-page","status-publish","hentry"],"_links":{"self":[{"href":"https:\/\/entropiarecords.com\/en\/wp-json\/wp\/v2\/pages\/371","targetHints":{"allow":["GET"]}}],"collection":[{"href":"https:\/\/entropiarecords.com\/en\/wp-json\/wp\/v2\/pages"}],"about":[{"href":"https:\/\/entropiarecords.com\/en\/wp-json\/wp\/v2\/types\/page"}],"author":[{"embeddable":true,"href":"https:\/\/entropiarecords.com\/en\/wp-json\/wp\/v2\/users\/1"}],"replies":[{"embeddable":true,"href":"https:\/\/entropiarecords.com\/en\/wp-json\/wp\/v2\/comments?post=371"}],"version-history":[{"count":19,"href":"https:\/\/entropiarecords.com\/en\/wp-json\/wp\/v2\/pages\/371\/revisions"}],"predecessor-version":[{"id":1806,"href":"https:\/\/entropiarecords.com\/en\/wp-json\/wp\/v2\/pages\/371\/revisions\/1806"}],"up":[{"embeddable":true,"href":"https:\/\/entropiarecords.com\/en\/wp-json\/wp\/v2\/pages\/94"}],"wp:attachment":[{"href":"https:\/\/entropiarecords.com\/en\/wp-json\/wp\/v2\/media?parent=371"}],"curies":[{"name":"wp","href":"https:\/\/api.w.org\/{rel}","templated":true}]}}