{"id":83,"date":"2009-08-27T20:56:14","date_gmt":"2009-08-28T02:56:14","guid":{"rendered":"http:\/\/entropiarecords.com\/?page_id=83"},"modified":"2025-06-04T05:40:51","modified_gmt":"2025-06-04T08:40:51","slug":"punkradikal","status":"publish","type":"page","link":"http:\/\/entropiarecords.com\/en\/punkradikal\/","title":{"rendered":"Punk Radikal"},"content":{"rendered":"<p style=\"text-align: center;\"><img loading=\"lazy\" decoding=\"async\" class=\"size-full wp-image-84\" title=\"punkradikal\" src=\"http:\/\/entropiarecords.com\/wp-content\/uploads\/2009\/08\/punkradikal.png\" alt=\"punkradikal\" width=\"292\" height=\"45\" \/><\/p>\n<p>Punk Radikal fue un sitio web dedicado a la escena punk de habla hispana. Naci\u00f3 el 16 de noviembre de 2002. Empez\u00f3 por el a\u00f1o 2002, con informaci\u00f3n de algunas bandas punk de Uruguay, y se fue extendiendo por pa\u00edses de todo el mundo (hasta que se me fue de las manos). La existencia de <strong>About Entrop\u00eda<\/strong> se debe a <strong>Punk Radikal<\/strong>.<\/p>\n<p>Su objetivo era:<\/p>\n<blockquote><p>intentar difundir o dar a conocer las bandas punk de latinoam\u00e9rica desde Maldonado, Uruguay. (&#8230;) dar informaci\u00f3n sobre toques, reviews de CD\u00b4s nuevos que salgan, noticias, etc. Tambi\u00e9n intentar crear un lugar de interacci\u00f3n en Internet para los que compartimos el mismo gusto por la m\u00fasica y en lo posible crear una escena punk m\u00e1s unida en Latinoam\u00e9rica.<\/p><\/blockquote>\n<p>Si bien Punk Radikal no existe m\u00e1s como lo que era, en este sitio pretendo ir publicando el material que fui juntando en el sitio a lo largo del tiempo. Algunos contenidos se pueden seguir accediendo desde <a href=\"http:\/\/web.archive.org\/web\/*\/http:\/\/usuarios.lycos.es\/punkradikal\">The Internet Archive<\/a>, pero el hosting anterior tiene varios errores que no permiten mostrar el sitio por completo.<\/p>\n<p>Tengo mucho material que voy a ir republicando por ac\u00e1: <strong>afiches<\/strong> (toques desde el 2002 en adelante), <strong>gr\u00e1fica<\/strong>, <strong>entrevistas<\/strong>, <strong>fotos<\/strong>, y m\u00e1s:<\/p>\n<ul class=\"lcp_catlist\" id=\"lcp_instance_0\"><li><a href=\"http:\/\/entropiarecords.com\/en\/punkradikal\/toques\/\">Rese\u00f1as de toques<\/a><\/li><li><a href=\"http:\/\/entropiarecords.com\/en\/punkradikal\/afiches\/\">Afiches<\/a><\/li><\/ul>\n<p>Proximamente m\u00e1s.<\/p>\n<div id=\"attachment_166\" style=\"width: 350px\" class=\"wp-caption aligncenter\"><img loading=\"lazy\" decoding=\"async\" aria-describedby=\"caption-attachment-166\" class=\"size-full wp-image-166\" title=\"Logo Punk Radikal viejo\" src=\"http:\/\/entropiarecords.com\/wp-content\/uploads\/2009\/08\/punkradikal-old.png\" alt=\"Logo Punk Radikal viejo\" width=\"340\" height=\"65\" srcset=\"https:\/\/entropiarecords.com\/wp-content\/uploads\/2009\/08\/punkradikal-old.png 340w, https:\/\/entropiarecords.com\/wp-content\/uploads\/2009\/08\/punkradikal-old-300x57.png 300w\" sizes=\"auto, (max-width: 340px) 100vw, 340px\" \/><p id=\"caption-attachment-166\" class=\"wp-caption-text\">Logo viejo Punk Radikal<\/p><\/div>","protected":false},"excerpt":{"rendered":"<p>Punk Radikal fue un sitio web dedicado a la escena punk de habla hispana. Naci\u00f3 el 16 de noviembre de 2002. Empez\u00f3 por el a\u00f1o 2002, con informaci\u00f3n de algunas bandas punk de Uruguay, y se fue extendiendo por pa\u00edses de todo el mundo (hasta que se me fue de las manos). La existencia de [&hellip;]<\/p>\n","protected":false},"author":1,"featured_media":0,"parent":0,"menu_order":0,"comment_status":"closed","ping_status":"closed","template":"","meta":{"ngg_post_thumbnail":0,"footnotes":""},"class_list":["post-83","page","type-page","status-publish","hentry"],"_links":{"self":[{"href":"http:\/\/entropiarecords.com\/en\/wp-json\/wp\/v2\/pages\/83","targetHints":{"allow":["GET"]}}],"collection":[{"href":"http:\/\/entropiarecords.com\/en\/wp-json\/wp\/v2\/pages"}],"about":[{"href":"http:\/\/entropiarecords.com\/en\/wp-json\/wp\/v2\/types\/page"}],"author":[{"embeddable":true,"href":"http:\/\/entropiarecords.com\/en\/wp-json\/wp\/v2\/users\/1"}],"replies":[{"embeddable":true,"href":"http:\/\/entropiarecords.com\/en\/wp-json\/wp\/v2\/comments?post=83"}],"version-history":[{"count":26,"href":"http:\/\/entropiarecords.com\/en\/wp-json\/wp\/v2\/pages\/83\/revisions"}],"predecessor-version":[{"id":1798,"href":"http:\/\/entropiarecords.com\/en\/wp-json\/wp\/v2\/pages\/83\/revisions\/1798"}],"wp:attachment":[{"href":"http:\/\/entropiarecords.com\/en\/wp-json\/wp\/v2\/media?parent=83"}],"curies":[{"name":"wp","href":"https:\/\/api.w.org\/{rel}","templated":true}]}}