{"id":743,"date":"2015-01-13T01:29:18","date_gmt":"2015-01-13T03:29:18","guid":{"rendered":"http:\/\/entropiarecords.com\/?page_id=743"},"modified":"2022-02-11T11:43:47","modified_gmt":"2022-02-11T14:43:47","slug":"artista-desconocido-album-sin-titulo","status":"publish","type":"page","link":"http:\/\/entropiarecords.com\/en\/discos\/artista-desconocido-album-sin-titulo\/","title":{"rendered":"Artista Desconocido &#8211; Album sin t\u00edtulo"},"content":{"rendered":"<div id=\"attachment_761\" style=\"width: 360px\" class=\"wp-caption alignright\"><img loading=\"lazy\" decoding=\"async\" aria-describedby=\"caption-attachment-761\" class=\"wp-image-761 size-full\" src=\"http:\/\/entropiarecords.com\/wp-content\/uploads\/2015\/01\/album-sin-titulo.gif\" alt=\"Artista Desconocido - Album sin t\u00edtulo\" width=\"350\" height=\"350\" \/><p id=\"caption-attachment-761\" class=\"wp-caption-text\">Artista Desconocido &#8211; Album sin t\u00edtulo<\/p><\/div>\n<p><strong>Album sin T\u00edtulo<\/strong>\u00a0es el primer disco de <strong>Artista Desconocido<\/strong>. Es la tercera edici\u00f3n en CD de Entrop\u00eda Records, lanzado a principios del a\u00f1o 2015.<\/p>\n<p>Artista Desconocido es una banda nacida en Montevideo, Uruguay a principio de 2012. Sus integrantes son viejos conocidos de la escena local, habiendo participado en varios proyectos desde los 90&#8242;, entre ellos bandas de gran trayectoria como <strong>Nada Que Hacer<\/strong> and <strong>Sniff<\/strong>.<\/p>\n<p>Esto hace\u00a0que la banda haya alcanzado un sonido caracter\u00edstico que los identifica\u00a0y una destacable prolijidad tanto\u00a0en vivo como en estudio.\u00a0Su m\u00fasica es\u00a0influenciada por bandas como Bad Religion\u00a0y\u00a0No Use For A Name, con canciones cantadas en espa\u00f1ol pero para todo el mundo.<\/p>\n<p>El disco cuenta con 10 temas de Artista Desconocido mas\u00a0el tema \u00abLa Cicatriz\u00bb de la banda uruguaya <strong>Amables Donantes<\/strong>.<\/p>\n<p>Lista de temas:<\/p>\n<ol>\n<li>Gritos de Odio<\/li>\n<li>Como si nunca<\/li>\n<li>Las ideas<\/li>\n<li>Solo<\/li>\n<li>Seguiremos<\/li>\n<li>El hombre de tu vida<\/li>\n<li>Sin vos<\/li>\n<li>Ri\u00e9ndome hasta llorar<\/li>\n<li>La cicatriz (Amables Donantes)<\/li>\n<li>De acero y de cristal<\/li>\n<li>Queremos que est\u00e9s bien<\/li>\n<\/ol>\n<p><strong>Integrantes de Artista Desconocido:<\/strong><br \/>\nIgnacio Pereyra &#8211; Voz<br \/>\nMartin Mangussi &#8211; Bater\u00eda<br \/>\nH\u00e9ctor Astore &#8211; Guitarra<br \/>\nJuli\u00e1n Burgue\u00f1o &#8211; Guitarra<br \/>\nMaximiliano Rodr\u00edguez &#8211; Bajo<\/p>\n<p>Invitados: Maximiliano Ahlers (Guitarra ac\u00fastica &#8211; Seguiremos; Solo\u00a0&#8211; Seguiremos)<br \/>\nGrabado y masterizado en: Beats &amp; Bars Studio<br \/>\nT\u00e9cnico de grabaci\u00f3n y mastering: Maximiliano Ahlers<br \/>\nFotograf\u00eda: Daya Kaya<\/p>","protected":false},"excerpt":{"rendered":"<p>Album sin T\u00edtulo\u00a0es el primer disco de Artista Desconocido. Es la tercera edici\u00f3n en CD de Entrop\u00eda Records, lanzado a principios del a\u00f1o 2015. Artista Desconocido es una banda nacida en Montevideo, Uruguay a principio de 2012. Sus integrantes son viejos conocidos de la escena local, habiendo participado en varios proyectos desde los 90&#8242;, entre [&hellip;]<\/p>\n","protected":false},"author":1,"featured_media":761,"parent":1089,"menu_order":0,"comment_status":"closed","ping_status":"closed","template":"","meta":{"ngg_post_thumbnail":0,"footnotes":""},"class_list":["post-743","page","type-page","status-publish","has-post-thumbnail","hentry"],"_links":{"self":[{"href":"http:\/\/entropiarecords.com\/en\/wp-json\/wp\/v2\/pages\/743","targetHints":{"allow":["GET"]}}],"collection":[{"href":"http:\/\/entropiarecords.com\/en\/wp-json\/wp\/v2\/pages"}],"about":[{"href":"http:\/\/entropiarecords.com\/en\/wp-json\/wp\/v2\/types\/page"}],"author":[{"embeddable":true,"href":"http:\/\/entropiarecords.com\/en\/wp-json\/wp\/v2\/users\/1"}],"replies":[{"embeddable":true,"href":"http:\/\/entropiarecords.com\/en\/wp-json\/wp\/v2\/comments?post=743"}],"version-history":[{"count":25,"href":"http:\/\/entropiarecords.com\/en\/wp-json\/wp\/v2\/pages\/743\/revisions"}],"predecessor-version":[{"id":1590,"href":"http:\/\/entropiarecords.com\/en\/wp-json\/wp\/v2\/pages\/743\/revisions\/1590"}],"up":[{"embeddable":true,"href":"http:\/\/entropiarecords.com\/en\/wp-json\/wp\/v2\/pages\/1089"}],"wp:featuredmedia":[{"embeddable":true,"href":"http:\/\/entropiarecords.com\/en\/wp-json\/wp\/v2\/media\/761"}],"wp:attachment":[{"href":"http:\/\/entropiarecords.com\/en\/wp-json\/wp\/v2\/media?parent=743"}],"curies":[{"name":"wp","href":"https:\/\/api.w.org\/{rel}","templated":true}]}}