{"id":416,"date":"2010-02-21T21:16:27","date_gmt":"2010-02-22T03:16:27","guid":{"rendered":"http:\/\/entropiarecords.com\/?page_id=416"},"modified":"2025-09-24T06:18:23","modified_gmt":"2025-09-24T09:18:23","slug":"review-expulsados-no-me-importa-y-sonny-chiba-en-mockers-maldonado","status":"publish","type":"page","link":"http:\/\/entropiarecords.com\/en\/punkradikal\/toques\/review-expulsados-no-me-importa-y-sonny-chiba-en-mockers-maldonado\/","title":{"rendered":"Review: Expulsados, No Me Importa y Sonny Chiba en Mockers Maldonado"},"content":{"rendered":"<p>El viernes 12 de febrero el <strong>punk rock<\/strong> se encontr\u00f3 en <strong>Mockers  Maldonado<\/strong> con Expulsados (Argentina), No Me Importa (Maldonado) y <strong>Sonny  Chiba<\/strong> (Maldonado): <a title=\"12\/02\/2010 \u2013 Expulsados en Mockers,   Maldonado\" rel=\"bookmark\" href=\"http:\/\/toques.entropiarecords.com\/12022010-expulsados-en-mockers-maldonado\">12\/02\/2010  \u2013 Expulsados en Mockers, Maldonado<\/a><\/p>\n<p>Pasadas las 23, arranc\u00f3 el  <strong>surf rock<\/strong> con la banda fernandina <em>Sonny Chiba<\/em>. Un surf  rock que dan ganas de bailar hasta al portero de Mockers. Buen sonido y  una m\u00fasica muy prolija atrajo al p\u00fablico adentro del local a pesar del  asfixiante calor. Muy buena presentaci\u00f3n de Sonny Chiba, que  aparentemente tiene un nuevo disco grabado&#8230; ampliaremos! Lamentamos no  incluir fotos de su presentaci\u00f3n, salieron todas movidas :S<br \/>\nPero si alguien nos env\u00eda alguna foto de la presentaci\u00f3n de Sonny Chiba,  con gusto la agregamos a la galer\u00eda.<\/p>\nngg_shortcode_0_placeholder\n<p>Acto seguido subi\u00f3 al escenario <em>No Me Importa<\/em>. Me hab\u00eda  llegado el rumor de que cuando toca No Me Importa, hay fiesta. Y as\u00ed lo  comprobamos ese viernes, pueden verlo ustedes mismos en las fotos. El  bajista es un Farzante&#8230;<\/p>\nngg_shortcode_1_placeholder\n<p>Para cerrar la noche los argentinos de <em>Expulsados<\/em>. Punk Rock  en estado puro, en espa\u00f1ol, y muy ramonero. Asumo que es lo m\u00e1s cercano a  ver a los Ramones en vivo que se puede llegar a estar hoy en d\u00eda. Nunca  hab\u00eda visto Expulsados en vivo, estuvo muy bueno, aunque el calor hizo  estragos esa noche, y la gente sigue pidiendo por un aire acondicionado  en Mockers ;P<\/p>\n<p style=\"text-align: center;\"><a href=\"http:\/\/entropiarecords.com\/en\/fotos-toques\/expulsados-en-mockers-con-no-me-importa-y-sonny-chiba-12022010\/\"><strong>Galer\u00eda de fotos<\/strong><\/a><\/p>","protected":false},"excerpt":{"rendered":"<p>El viernes 12 de febrero el punk rock se encontr\u00f3 en Mockers Maldonado con Expulsados (Argentina), No Me Importa (Maldonado) y Sonny Chiba (Maldonado): 12\/02\/2010 \u2013 Expulsados en Mockers, Maldonado Pasadas las 23, arranc\u00f3 el surf rock con la banda fernandina Sonny Chiba. Un surf rock que dan ganas de bailar hasta al portero de [&hellip;]<\/p>\n","protected":false},"author":1,"featured_media":0,"parent":162,"menu_order":0,"comment_status":"open","ping_status":"open","template":"","meta":{"ngg_post_thumbnail":0,"footnotes":""},"class_list":["post-416","page","type-page","status-publish","hentry"],"_links":{"self":[{"href":"http:\/\/entropiarecords.com\/en\/wp-json\/wp\/v2\/pages\/416","targetHints":{"allow":["GET"]}}],"collection":[{"href":"http:\/\/entropiarecords.com\/en\/wp-json\/wp\/v2\/pages"}],"about":[{"href":"http:\/\/entropiarecords.com\/en\/wp-json\/wp\/v2\/types\/page"}],"author":[{"embeddable":true,"href":"http:\/\/entropiarecords.com\/en\/wp-json\/wp\/v2\/users\/1"}],"replies":[{"embeddable":true,"href":"http:\/\/entropiarecords.com\/en\/wp-json\/wp\/v2\/comments?post=416"}],"version-history":[{"count":8,"href":"http:\/\/entropiarecords.com\/en\/wp-json\/wp\/v2\/pages\/416\/revisions"}],"predecessor-version":[{"id":1802,"href":"http:\/\/entropiarecords.com\/en\/wp-json\/wp\/v2\/pages\/416\/revisions\/1802"}],"up":[{"embeddable":true,"href":"http:\/\/entropiarecords.com\/en\/wp-json\/wp\/v2\/pages\/162"}],"wp:attachment":[{"href":"http:\/\/entropiarecords.com\/en\/wp-json\/wp\/v2\/media?parent=416"}],"curies":[{"name":"wp","href":"https:\/\/api.w.org\/{rel}","templated":true}]}}