{"id":164,"date":"2009-10-01T21:14:42","date_gmt":"2009-10-02T03:14:42","guid":{"rendered":"http:\/\/entropiarecords.com\/?page_id=164"},"modified":"2025-09-24T06:17:24","modified_gmt":"2025-09-24T09:17:24","slug":"montevideo-maldonado-gogo-squat-flip-mxs-running-potatoes","status":"publish","type":"page","link":"http:\/\/entropiarecords.com\/en\/punkradikal\/toques\/montevideo-maldonado-gogo-squat-flip-mxs-running-potatoes\/","title":{"rendered":"Debut de Gogo Squat"},"content":{"rendered":"<p><strong>DIARIO DEL FIN DE SEMANA DE PUNK, SKA, HARDCORE<br \/>\nGO GO SQUAT (Maldonado), FLIP (Montevideo), MXS (Argentina) Y RUNNING POTATOES (Argentina)<\/strong><\/p>\n<p><strong> <\/strong><\/p>\n<div id=\"attachment_170\" style=\"width: 310px\" class=\"wp-caption aligncenter\"><a href=\"http:\/\/entropiarecords.com\/wp-content\/uploads\/2009\/10\/200310-gogosquat-runningpotatoes.jpg\"><strong><strong><img loading=\"lazy\" decoding=\"async\" aria-describedby=\"caption-attachment-170\" class=\"size-medium wp-image-170\" title=\"MXS - Running Potatoes - Flip - Gogo Squat\" src=\"http:\/\/entropiarecords.com\/wp-content\/uploads\/2009\/10\/200310-gogosquat-runningpotatoes-300x203.jpg\" alt=\"MXS - Running Potatoes - Flip - Gogo Squat\" width=\"300\" height=\"203\" srcset=\"https:\/\/entropiarecords.com\/wp-content\/uploads\/2009\/10\/200310-gogosquat-runningpotatoes-300x203.jpg 300w, https:\/\/entropiarecords.com\/wp-content\/uploads\/2009\/10\/200310-gogosquat-runningpotatoes.jpg 700w\" sizes=\"auto, (max-width: 300px) 100vw, 300px\" \/><\/strong><\/strong><\/a><p id=\"caption-attachment-170\" class=\"wp-caption-text\">MXS - Running Potatoes - Flip - Gogo Squat<\/p><\/div>\n<p><strong> <\/strong><\/p>\n<p><strong>DIA 1: 3 DE OCTUBRE &#8211; Plaza Mateo Pub, Montevideo.<\/strong><\/p>\n<p><strong>CAPTULO 1: El viaje<\/strong><\/p>\n<p>De a poco m\u00e1s y m\u00e1s gente de Maldonado se iba sumando a la lista de quienes quer\u00edan ir al toque en Montevideo, por lo que lo que iba a ser una camioneta para aproximadamente 20 personas, termin\u00f3 siendo un mnibus con cerca de 40 personas. A partir de las 19:30 horas se empez\u00f3 a juntar gente en la terminal de \u00f3mnibus de Maldonado, hasta que arrancamos casi una hora despu\u00e9s. En el \u00f3mnibus iba <strong>Gogo Squat<\/strong>, amigos, fans, <strong>Punk Radikal<\/strong>, etc.<\/p>\n<p>Antes de salir se hizo la tradicional parada en un supermercado de la zona para suministrar a la gente con alcohol, m\u00e1s especficamente cerveza y alg\u00fan que otro vino frutado. Al rato se empezaron a notar los efectos del alcohol en la gente, y comenz\u00f3 la alegr\u00eda. Todos en el \u00f3mnibus iban divirti\u00e9ndose y la mayor\u00eda cantando. Desde canciones de <strong>For No One<\/strong>, alg\u00fan pedazo de alguna de Gogo Squat, y los t\u00edpicos cantos de los toques.<\/p>\n<p>De repente son\u00f3 un celular con una persona bastante enojada desde el otro lado. Era el conductor de la camioneta para aproximadamente 20 personas, \u00a1se hab\u00edan olvidado de cancelarla y nos estaba esperando en otro lado para llevarnos a Montevideo! El responsable se disculp\u00f3 y seguimos camino sin darle mucha importancia.<br \/>\nSin embargo, esta otra empresa se quiso vengar, ya que cerca de Pan de Azcar aparentemente empezaron a dispararle a la rueda trasera derecha, hasta que reventaron todo y el \u00f3mnibus se detuvo un rato. Pudimos continuar nuestro viaje aunque debimos movernos todos hacia el lado izquierdo del \u00f3mnibus porque \u00edbamos de lado.<br \/>\nLlegamos a Pan de Azcar, a la casa de un mec\u00e1nico, y nos tuvimos que bajar. Por suerte este lugar se encontraba al lado de un local bailable donde poco tiempo atr\u00e1s habamos asistido a un recital de <strong>Trotsky Vengar\u00e1n<\/strong>. De esa experiencia aprendimos algo muy importante: d\u00f3nde encontrar una vinera en Pan de Az\u00facar. Literalmente corrimos hacia ella a suministrarnos del brebajo m\u00e1s importante para disfrutar la noche: <strong>vino con frutilla<\/strong>.<\/p>\n<p>Seguimos tomando y divirti\u00e9ndonos en el lugar hasta que por fin arreglaron el transporte y pudimos seguir caminos despu\u00e9s de mas o menos una hora. Esta segunda etapa del viaje fue todav\u00eda m\u00e1s alegre y divertida (y s\u00ed, haba m\u00e1s alcohol). Finalmente llegamos a Montevideo, donde se encontraba ya algo de gente de Maldonado esperando, y conocidos de Montevideo. Tambi\u00e9n nos encontramos con los Patatas.<\/p>\n<p><strong>CAPTULO 2: La Entrada<\/strong><\/p>\n<p>\u00c9ramos como 40 personas por entrar. Parece que el tema de la entrada para la gente que iba de Maldonado, no se haba hablado bien con los organizadores en Montevideo. Por esto hubo un pequeo problema. Los de Maldonado hab\u00edan pagado el viaje y esperaban pagar un precio \u00abcon descuento\u00bb. Pero al final, algo que me parece importante mencionar para que se tenga en cuenta, dos miembros de Gogo Squat completaron $300 que faltaban de sus bolsillos para que pudieran entrar todos.  Ya adentro, estaba el stand de <strong>Patea Discos Independientes<\/strong>, el stand de <strong>Remedy Records<\/strong>, stand de pins, parches y calcoman\u00edas, y un stand de comida vegana.<\/p>\n<p><strong>CAPTULO 3: El toque<\/strong><\/p>\n<p>Tras esperar un rato y que entrara bastante gente, subi\u00f3 Gogo Squat a debutar al escenario. El local estaba a poco de llenarse. La banda estaba integrada por un trompetista, un trombonista, un guitarrista, un bajista, un baterista y un cantante. Faltaba el saxofonista que aparentemente se hab\u00eda muerto o algo as\u00ed. En su primera vez arriba de un escenario, la banda estaba lista para arrancar. Ni bien empez\u00f3, arranc\u00f3 el pogo tambi\u00e9n. Casi toda la gente de Maldonado estuvo haciendo pogo, y se sum\u00f3 gente de Montevideo. Tocaron 6 \u00abtemas nuevos\u00bb y 3 covers. El primer cover que hicieron fue \u00abJust Like Heaven\u00bb de The Cure, al estilo Codename: Rocky. Son\u00f3 muy bien y hubo bastante pogo. Para el segundo cover, \u00abMacho Nachos\u00bb de Mad Caddies, el agite se duplic\u00f3, fue impresionante. En el punteo de la canci\u00f3n, Carta, el cantante, se baj\u00f3 a agitar y lo levantaron. Kisan en el tromb\u00f3n lo llam\u00f3 justo antes de que siguiera la parte cantada de la canci\u00f3n, y lleg\u00f3 apenas a tiempo. Por \u00faltimo, para cerrar tocaron el cover de Less Thank Jake, \u00abGainesville Rock City\u00bb, donde subi\u00f3 a cantar Irma, una amiga de la banda, y tambi\u00e9n caus\u00f3 bastante revuelo y moshing.<\/p>\n<p>A la mayor\u00eda de la gente le gust\u00f3 la banda, tiene muy buenos arreglos en los vientos y buenas canciones con melodas muy pegadizas. Al bajarse los Gogo, subi\u00f3 <strong>Flip<\/strong>, la banda de Montevideo anfitriona del toque. El cantante subi\u00f3 un poco quemado por alg\u00fan tema de la organizacin e insult\u00f3 a algunas personas en general, pero la m\u00fasica empez\u00f3 de todas formas. Personalmente ten\u00eda mucha expectativa por ver a Flip, ya que solo hab\u00eda escuchado las canciones de su demo y me haban parecido buenas. Me gust\u00f3 mucho la banda en vivo, a pesar de haber tirado un poco de mala onda al principio, estuvo muy bueno. Los integrantes de la banda se mov\u00edan mucho arriba del escenario, y tocaban bien. Tocaron los temas de su demo, que sonaron mucho mejor en vivo, y los temas de su nuevo disco, pr\u00f3ximo a salir. Tambi\u00e9n hicieron el cover de Bad Religion, \u00abAmerican Jesus\u00bb en el que me v\u00ed impulsado a hacer pogo junto a muchos otros que tambi\u00e9n hicieron pogo con este tema.<\/p>\n<p>Terminado Flip, le lleg el turno a <strong>MXS<\/strong>.  <strong>Malapraxis<\/strong> ven\u00eda de pasar un a\u00f1o en Espa\u00f1a donde grabaron su nuevo disco \u00abLa Se\u00f1al\u00bb, el cual fue motivo de una gira por Latinoam\u00e9rica para su presentaci\u00f3n. La banda son\u00f3 muy bien, tienen como 10 a\u00f1os de experiencia y se nota cuando suben al escenario que son ya profesionales, bastante gente hizo pogo con ellos. En un momento hubo un bardo en el pogo, pero como bien dijo el cantante \u00abNo hay nada peor que pelearnos entre nosotros, la pelea est\u00e1 all afuera\u00bb, palabras muy sabias que muchos tendr\u00edan que tomar en cuenta. Y ah\u00ed mismo se termin\u00f3 todo el problema. Casi al final, el cantante dijo \u00abahora vamos a hacer una canci\u00f3n que espero que la bailemos todos\u00bb y empezaron a tocar uno de los mejores covers de The Ramones que he escuchado de la canci\u00f3n \u00abI believe in Miracles\u00bb. Fue un excelente cover y por supuesto que todo el mundo hizo pogo hasta el final. En general el sonido en vivo de la banda es un estilo muy similar al de Face to Face. Fue la primera vez que MXS toc\u00f3 en Montevideo y esperamos que no la \u00faltima. Personalmente me gust\u00f3 mucho la banda y sus temas, y vuelvo a mencionar que el cover de Ramones estuvo excelente.<\/p>\n<p>Por \u00faltimo subieron los skapunkmelodicohardcores de <strong>Running Potatoes<\/strong>, tambi\u00e9n por primera vez en Montevideo. Para variar, Ciro estaba borracho, pero de todas formas cumpli\u00f3 con su labor. Comenzaron con algunos temas nuevos de su disco que est\u00e1 siendo grabado, tocaron tambi\u00e9n sus temas cl\u00e1sicos de <strong>Empty Pockets<\/strong>. Como siempre, los patatas reventaron el escenario mov\u00e9indose, saltando y tocando de lo mejor. Por l\u00e1stima, la gente de Maldonado no pudimos ver el repertorio completo de Running porque los infelices del \u00f3mnibus nos sacaron del toque, as\u00ed que nos tuvimos que retirar mientras sonaba \u00abNeedles and pins\u00bb. No importa Patatas, nos reencontramos ma\u00f1ana&#8230;<\/p>\n<p><strong>CAPTULO 4: De regreso a Maldonado<\/strong><\/p>\n<p>En el regreso, el viaje fue tranquilo ya que estbamos todos desechos (ya sea por el pogo, o de la borrachera). Todo iba bastante tranquilo, con alg\u00fan chiste de vez en cuando, mas que nada cuando el \u00f3mnibus de @$#% se rompi\u00f3 de nuevo. \u00a1Tardamos 3 horas en llegar! Quedamos parados en medio de la nada, mientras revisaban qu\u00e9 le hab\u00eda pasado. Volvimos a estar un buen rato en Pan de Azcar, y como a las 7 de la ma\u00f1ana llegamos a la terminal. Consejo del viaje: Es mas c\u00f3modo dormir en el piso de un \u00f3mnibus que en los asientos.<\/p>\n<p><strong>DIA 2: 4 DE OCTUBRE &#8211; Principal, Parada 8 de la Brava, Maldonado.<\/strong><\/p>\n<p>Despu\u00e9s de un buen tiempo volvemos a la Parada 8 a un toque. Se empez\u00f3 a juntar bastante gente afuera en el estacionamiento mientras las bandas hac\u00edan sus respectivas pruebas de sonido. Estaban los mismos de siempre y m\u00e1s. Como siempre, muy tarde empez\u00f3 el toque.<\/p>\n<p>En este caso cambiaron el orden de las bandas, siendo Flip la encargada de abrir el toque. La banda toc\u00f3 muy bien y son\u00f3 mejor que el d\u00eda anterior en Montevideo. Metieron terrible fuerza en el escenario, y sonaron con mucha potencia. En general el sonido de todas las bandas fue mejor que el d\u00eda anterior. La banda tuvo bastante pogo, sobre todo cuando hicieron de nuevo el cover de Bad Religion. Bastante para ser la primer banda del toque y en su primera vez en Maldonado. Adem\u00e1s de su repertorio de Montevideo, tambi\u00e9n tocaron otro cover, Stand By Me, que qued\u00f3 muy bueno, y tambi\u00e9n hizo terrible pogo. Est\u00e9n atentos a la salida de su primer disco pr\u00f3ximamente.<br \/>\n<strong>Actualizaci\u00f3n 2009<\/strong>: tengo entendido que el disco est\u00e1 disponible libremente en internet bajo licencia Creative Commons, pero no lo he encontrado. Si alguien tiene el enlace&#8230;<\/p>\n<p>Siguieron los locales de Gogo Squat, esta vez con el escuadr\u00f3n completo, porque su saxofonista revivi\u00f3 o algo as\u00ed y pudo tocar. Tocaron los mismos 6 temas nuevos y los 3 covers, pero el sonido de la banda fue algo mejor, adem\u00e1s que contaban con el saxofonista que no hab\u00eda podido asistir a Montevideo. Los locales estaban muy emocionados con la banda e hicieron pogo todo el tiempo, hubo mucho pogo y baile. Hasta se vieron a algunas personas que no voy a nombrar haciendo una coreograf\u00eda que hab\u00edan estado practicando en el estacionamiento, y que luego se repiti\u00f3 para los Running Potatoes.<\/p>\n<p>MXS toc\u00f3 despu\u00e9s, volviendo a sonar muy bien. Tocaron pr\u00e1cticamente el mismo repertorio que en Montevideo. La gente escuch\u00f3 muy atentamente e interesada, y por supuesto que enloqueci\u00f3 con el cover de Ramones. Al final agregaron una canci\u00f3n que no hab\u00edan tocado el da anterior, \u00abDulce Hogar\u00bb, el tema m\u00e1s conocido por estos pagos, creando un pogo general muy bueno.<\/p>\n<p>Nuevamente para cerrar, las patatas que huyen en su quinta vez en Maldonado, ya pr\u00e1cticamente en su casa. Tocaron temas nuevos y los cl\u00e1sicos del disco anterior, y el cover de \u00abNeedles and Pins\u00bb. La gente estuvo pogueando y bailando todo el tiempo (se repite la coreografa en la cancin \u00abCartoons\u00bb). En un momento Ciro se puso a hablar sobre la Vela Puerca, y de cu\u00e1nto le gustaba y en un intermedio se puso a cantar la canci\u00f3n \u00abJos\u00e9 Saba\u00bb mientras la gente lo segu\u00eda. En un momento anunci\u00f3 la canci\u00f3n que se puede escuchar en \u00abla p\u00e1gina web que nos hizo el idiota este\u00bb refiri\u00e9ndose a Jeype, guitarrista y dise\u00f1ador web de la banda. Entonces empezaron a tocar el primer tema de su disco, \u00abWont Forget You\u00bb, con la peculiaridad de que Ciro la empez\u00f3 a cantar en espa\u00f1ol: \u00abHola mi chica&#8230;\u00bb Mmmmmh&#8230;<\/p>\n<p>M\u00e1s tarde hicieron el cover de <strong>Reel Big Fish<\/strong>, \u00abSell Out\u00bb que les queda muy bien, y al final Ciro  improvis\u00f3 una letra en espa\u00f1ol.<\/p>\n<p>Fueron presentados los dos nuevos integrantes de la banda, el guitarrista Alejo y el bajista Billy Joe, que seg\u00fan Ciro, todav\u00eda no conoc\u00edan el vino de frutilla. M\u00e1s tarde tuvieron la oportunidad de probarlo, y como a todo el mundo, les encant\u00f3. Tambi\u00e9n coment\u00f3 Maxi que Oscar, bajista de MXS y encargado de Patea,\u00a0 no toma alcohol, prob\u00f3 el vino con frutilla, y no pod\u00eda soltar el vaso. As que el vino con frutilla sigue dando que hablar.<\/p>\n<p>Y bueno, esto m\u00e1s o menos fueron las dos fiestas que tuvimos ese fin de semana desde mi punto de vista. Esperemos que a Go Go Squat le vaya tan bien en el futuro como les fue en su debut. Que los de Flip tengan suerte con su disco y lo vengan a presentar a Maldonado cuando lo tengan listo. Y por \u00faltimo que bandas del exterior vengan a tocar mas seguido. MXS y Running Potatoes, est\u00e1n invitados a volver cuando quieran.<\/p>\n<p>Fernando<\/p>","protected":false},"excerpt":{"rendered":"<p>DIARIO DEL FIN DE SEMANA DE PUNK, SKA, HARDCORE GO GO SQUAT (Maldonado), FLIP (Montevideo), MXS (Argentina) Y RUNNING POTATOES (Argentina) DIA 1: 3 DE OCTUBRE &#8211; Plaza Mateo Pub, Montevideo. CAPTULO 1: El viaje De a poco m\u00e1s y m\u00e1s gente de Maldonado se iba sumando a la lista de quienes quer\u00edan ir al [&hellip;]<\/p>\n","protected":false},"author":1,"featured_media":0,"parent":162,"menu_order":0,"comment_status":"closed","ping_status":"closed","template":"","meta":{"ngg_post_thumbnail":0,"footnotes":""},"class_list":["post-164","page","type-page","status-publish","hentry"],"_links":{"self":[{"href":"http:\/\/entropiarecords.com\/en\/wp-json\/wp\/v2\/pages\/164","targetHints":{"allow":["GET"]}}],"collection":[{"href":"http:\/\/entropiarecords.com\/en\/wp-json\/wp\/v2\/pages"}],"about":[{"href":"http:\/\/entropiarecords.com\/en\/wp-json\/wp\/v2\/types\/page"}],"author":[{"embeddable":true,"href":"http:\/\/entropiarecords.com\/en\/wp-json\/wp\/v2\/users\/1"}],"replies":[{"embeddable":true,"href":"http:\/\/entropiarecords.com\/en\/wp-json\/wp\/v2\/comments?post=164"}],"version-history":[{"count":18,"href":"http:\/\/entropiarecords.com\/en\/wp-json\/wp\/v2\/pages\/164\/revisions"}],"predecessor-version":[{"id":1803,"href":"http:\/\/entropiarecords.com\/en\/wp-json\/wp\/v2\/pages\/164\/revisions\/1803"}],"up":[{"embeddable":true,"href":"http:\/\/entropiarecords.com\/en\/wp-json\/wp\/v2\/pages\/162"}],"wp:attachment":[{"href":"http:\/\/entropiarecords.com\/en\/wp-json\/wp\/v2\/media?parent=164"}],"curies":[{"name":"wp","href":"https:\/\/api.w.org\/{rel}","templated":true}]}}