{"id":162,"date":"2009-10-01T18:24:22","date_gmt":"2009-10-02T00:24:22","guid":{"rendered":"http:\/\/entropiarecords.com\/?page_id=162"},"modified":"2025-06-04T05:42:04","modified_gmt":"2025-06-04T08:42:04","slug":"toques","status":"publish","type":"page","link":"http:\/\/entropiarecords.com\/en\/punkradikal\/toques\/","title":{"rendered":"Rese\u00f1as de toques"},"content":{"rendered":"<p>Ac\u00e1 ir\u00e9 subiendo rese\u00f1as y comentaros de toques. Algunos son bastante antiguos (de la \u00e9poca de <a href=\"http:\/\/punkradikal.com\">Punk Radikal<\/a>), pero iremos agregando nuevos.<\/p>\n<ul class=\"lcp_catlist\" id=\"lcp_instance_0\"><li><a href=\"http:\/\/entropiarecords.com\/en\/punkradikal\/toques\/review-expulsados-no-me-importa-y-sonny-chiba-en-mockers-maldonado\/\">Review: Expulsados, No Me Importa y Sonny Chiba en Mockers Maldonado<\/a><\/li><li><a href=\"http:\/\/entropiarecords.com\/en\/punkradikal\/toques\/montevideo-maldonado-gogo-squat-flip-mxs-running-potatoes\/\">Debut de Gogo Squat<\/a><\/li><\/ul>","protected":false},"excerpt":{"rendered":"<p>Ac\u00e1 ir\u00e9 subiendo rese\u00f1as y comentaros de toques. Algunos son bastante antiguos (de la \u00e9poca de Punk Radikal), pero iremos agregando nuevos.<\/p>","protected":false},"author":1,"featured_media":0,"parent":83,"menu_order":0,"comment_status":"closed","ping_status":"closed","template":"","meta":{"ngg_post_thumbnail":0,"footnotes":""},"class_list":["post-162","page","type-page","status-publish","hentry"],"_links":{"self":[{"href":"http:\/\/entropiarecords.com\/en\/wp-json\/wp\/v2\/pages\/162","targetHints":{"allow":["GET"]}}],"collection":[{"href":"http:\/\/entropiarecords.com\/en\/wp-json\/wp\/v2\/pages"}],"about":[{"href":"http:\/\/entropiarecords.com\/en\/wp-json\/wp\/v2\/types\/page"}],"author":[{"embeddable":true,"href":"http:\/\/entropiarecords.com\/en\/wp-json\/wp\/v2\/users\/1"}],"replies":[{"embeddable":true,"href":"http:\/\/entropiarecords.com\/en\/wp-json\/wp\/v2\/comments?post=162"}],"version-history":[{"count":19,"href":"http:\/\/entropiarecords.com\/en\/wp-json\/wp\/v2\/pages\/162\/revisions"}],"predecessor-version":[{"id":1799,"href":"http:\/\/entropiarecords.com\/en\/wp-json\/wp\/v2\/pages\/162\/revisions\/1799"}],"up":[{"embeddable":true,"href":"http:\/\/entropiarecords.com\/en\/wp-json\/wp\/v2\/pages\/83"}],"wp:attachment":[{"href":"http:\/\/entropiarecords.com\/en\/wp-json\/wp\/v2\/media?parent=162"}],"curies":[{"name":"wp","href":"https:\/\/api.w.org\/{rel}","templated":true}]}}