{"id":1604,"date":"2022-03-25T14:24:51","date_gmt":"2022-03-25T17:24:51","guid":{"rendered":"http:\/\/entropiarecords.com\/?page_id=1604"},"modified":"2022-06-03T06:16:02","modified_gmt":"2022-06-03T09:16:02","slug":"chango-munks-we-want-all-your-minds","status":"publish","type":"page","link":"http:\/\/entropiarecords.com\/en\/discos\/chango-munks-we-want-all-your-minds\/","title":{"rendered":"Chango Munks &#8211; We Want All Your Minds"},"content":{"rendered":"<div id=\"attachment_1612\" style=\"width: 360px\" class=\"wp-caption alignright\"><img loading=\"lazy\" decoding=\"async\" aria-describedby=\"caption-attachment-1612\" class=\"size-full wp-image-1612\" src=\"http:\/\/entropiarecords.com\/wp-content\/uploads\/2022\/03\/chango-munks-we-want-all-your-minds-1.jpg\" alt=\"Chango Munks \u2013 We Want All Your Minds\" width=\"350\" height=\"326\" srcset=\"https:\/\/entropiarecords.com\/wp-content\/uploads\/2022\/03\/chango-munks-we-want-all-your-minds-1.jpg 350w, https:\/\/entropiarecords.com\/wp-content\/uploads\/2022\/03\/chango-munks-we-want-all-your-minds-1-300x279.jpg 300w, https:\/\/entropiarecords.com\/wp-content\/uploads\/2022\/03\/chango-munks-we-want-all-your-minds-1-13x12.jpg 13w\" sizes=\"auto, (max-width: 350px) 100vw, 350px\" \/><p id=\"caption-attachment-1612\" class=\"wp-caption-text\">Chango Munks \u2013 We Want All Your Minds<\/p><\/div>\n<p><strong>We Want All Your Minds<\/strong> is the second album from <strong>Chango Munks<\/strong>, and Entrop\u00eda Records' fifth CD release.<\/p>\n<p>Chango Munks is a multi-cultural band based in Edinburgh, Scotland. They play original ska punk musical with a pretty distinctive sound that manifests its members global influences. We Want All Your Minds is their second album, following \"Something Else is Coming\" released in 2019. The album is an evolution from their previous material, in sound as in writing and melody. It manages a very distinctive sound with lyrics that make you think and dance at the same time.<\/p>\n<p>Music by Andrew Blair, Xabi Garcia &amp; Gian Paolo Sudar. Lyrics by Xabi Garcia &amp; Jana Huysentruyt. Artwork by Chris Blair.<\/p>\n<ol>\n<li>We Want All Your Minds<\/li>\n<li>Plan(et) B<\/li>\n<li>The New Normal<\/li>\n<li>Psychedelic Sobriety<\/li>\n<li>War In Our Heads<\/li>\n<li>Pachamama<\/li>\n<li>Start The Fire<\/li>\n<li>Radio Chango<\/li>\n<li>Does Our Money Entertain You?<\/li>\n<li>Dead Men Tell No Tales<\/li>\n<li>Blind &amp; Diseased<\/li>\n<li>At My Funeral (Ska &amp; Punk Rock)<\/li>\n<\/ol>\n<p>You can find the CD in the following <strong>shops<\/strong> (Support your local shop! \u270a):<\/p>\n<ul>\n<li>\ud83c\udff4\udb40\udc67\udb40\udc62\udb40\udc73\udb40\udc63\udb40\udc74\udb40\udc7f Edinburgh: <a href=\"https:\/\/www.avalancherecords.co.uk\/\">Avalanche Records<\/a> &#8211; Waverley Mall<\/li>\n<li>\ud83c\udff4\udb40\udc67\udb40\udc62\udb40\udc73\udb40\udc63\udb40\udc74\udb40\udc7f Edinburgh: <a href=\"https:\/\/www.elvisshakespeare.com\/home.php\">Elvis Shakespeare<\/a> &#8211; 347 Leith Walk<\/li>\n<li>\ud83c\udff4\udb40\udc67\udb40\udc62\udb40\udc73\udb40\udc63\udb40\udc74\udb40\udc7fDundee: <a href=\"https:\/\/www.instagram.com\/radapplesdundee\/\">Rad Apples<\/a> &#8211; 51-53 Meadowside<\/li>\n<\/ul>\n<p>You can listen to and download the songs in <strong><a href=\"https:\/\/changomunks.bandcamp.com\/album\/we-want-all-your-minds\">Bandcamp<\/a><\/strong> and <a href=\"http:\/\/entropiarecords.com\/en\/entropia\/contacto\/\">contact us<\/a> to order the CD.<\/p>","protected":false},"excerpt":{"rendered":"<p>We Want All Your Minds es el segundo disco de Chango Munks, y la quinta edici\u00f3n en CD de Entrop\u00eda Records. Chango Munks es una banda multi cultural basada en Edimburgo, Escocia. Hacen m\u00fasica ska punk original con un sonido bastante caracter\u00edstico que manifiesta las influencias globales de sus integrantes. We Want All Your Minds [&hellip;]<\/p>\n","protected":false},"author":1,"featured_media":1612,"parent":1089,"menu_order":0,"comment_status":"closed","ping_status":"closed","template":"","meta":{"ngg_post_thumbnail":0,"footnotes":""},"class_list":["post-1604","page","type-page","status-publish","has-post-thumbnail","hentry"],"_links":{"self":[{"href":"http:\/\/entropiarecords.com\/en\/wp-json\/wp\/v2\/pages\/1604","targetHints":{"allow":["GET"]}}],"collection":[{"href":"http:\/\/entropiarecords.com\/en\/wp-json\/wp\/v2\/pages"}],"about":[{"href":"http:\/\/entropiarecords.com\/en\/wp-json\/wp\/v2\/types\/page"}],"author":[{"embeddable":true,"href":"http:\/\/entropiarecords.com\/en\/wp-json\/wp\/v2\/users\/1"}],"replies":[{"embeddable":true,"href":"http:\/\/entropiarecords.com\/en\/wp-json\/wp\/v2\/comments?post=1604"}],"version-history":[{"count":14,"href":"http:\/\/entropiarecords.com\/en\/wp-json\/wp\/v2\/pages\/1604\/revisions"}],"predecessor-version":[{"id":1644,"href":"http:\/\/entropiarecords.com\/en\/wp-json\/wp\/v2\/pages\/1604\/revisions\/1644"}],"up":[{"embeddable":true,"href":"http:\/\/entropiarecords.com\/en\/wp-json\/wp\/v2\/pages\/1089"}],"wp:featuredmedia":[{"embeddable":true,"href":"http:\/\/entropiarecords.com\/en\/wp-json\/wp\/v2\/media\/1612"}],"wp:attachment":[{"href":"http:\/\/entropiarecords.com\/en\/wp-json\/wp\/v2\/media?parent=1604"}],"curies":[{"name":"wp","href":"https:\/\/api.w.org\/{rel}","templated":true}]}}