{"id":1077,"date":"2016-06-19T23:43:31","date_gmt":"2016-06-20T02:43:31","guid":{"rendered":"http:\/\/entropiarecords.com\/?page_id=1077"},"modified":"2022-02-11T10:52:16","modified_gmt":"2022-02-11T13:52:16","slug":"punkzer-1010","status":"publish","type":"page","link":"http:\/\/entropiarecords.com\/en\/discos\/punkzer-1010\/","title":{"rendered":"Punkzer &#8211; 10:10"},"content":{"rendered":"<div id=\"attachment_1070\" style=\"width: 360px\" class=\"wp-caption alignright\"><img loading=\"lazy\" decoding=\"async\" aria-describedby=\"caption-attachment-1070\" class=\"size-full wp-image-1070\" src=\"http:\/\/entropiarecords.com\/wp-content\/uploads\/2016\/05\/punkzer-10-10.jpg\" alt=\"Punkzer - 10:10\" width=\"350\" height=\"326\" srcset=\"https:\/\/entropiarecords.com\/wp-content\/uploads\/2016\/05\/punkzer-10-10.jpg 350w, https:\/\/entropiarecords.com\/wp-content\/uploads\/2016\/05\/punkzer-10-10-300x279.jpg 300w\" sizes=\"auto, (max-width: 350px) 100vw, 350px\" \/><p id=\"caption-attachment-1070\" class=\"wp-caption-text\">Punkzer &#8211; 10:10<\/p><\/div>\n<p><strong>10:10<\/strong> de <strong>Punkzer<\/strong> es la cuarta edici\u00f3n en CD de Entrop\u00eda Records, lanzado oficialmente el 24 de junio de 2016.<\/p>\n<p>Cuenta con 13 temas&nbsp;de Punkzer y una interpretaci\u00f3n del tema \u00abTime for you to go\u00bb&nbsp;de Sum 41.<\/p>\n<p>Lista de temas:<\/p>\n<ol>\n<li>Blanco F\u00e1cil<\/li>\n<li>10:10<\/li>\n<li>No me digas<\/li>\n<li>Para\u00edso<\/li>\n<li>Hasta el final<\/li>\n<li>Intoxicado<\/li>\n<li>Esa sensaci\u00f3n<\/li>\n<li>No s\u00e9 qu\u00e9 me pasa<\/li>\n<li>Mundo Nuevo<\/li>\n<li>Instinto Distinto<\/li>\n<li>Papel Celof\u00e1n<\/li>\n<li>Volver<\/li>\n<li>Calma<\/li>\n<li>Hora de irte<\/li>\n<\/ol>\n<p>Pueden escuchar los temas del disco <a href=\"https:\/\/soundcloud.com\/punkzer\/sets\/punkzer1010\">en&nbsp;Soundcloud<\/a>.<\/p>\n<p>Temas adelanto:<\/p>\n<div class=\"video-container\"><iframe loading=\"lazy\" title=\"Punkzer - Esa Sensaci\u00f3n (Adelanto 10:10)\" width=\"500\" height=\"281\" src=\"https:\/\/www.youtube.com\/embed\/Akx-ZqE5RRM?feature=oembed\" frameborder=\"0\" allow=\"accelerometer; autoplay; clipboard-write; encrypted-media; gyroscope; picture-in-picture; web-share\" referrerpolicy=\"strict-origin-when-cross-origin\" allowfullscreen><\/iframe><\/div>","protected":false},"excerpt":{"rendered":"<p>10:10 de Punkzer es la cuarta edici\u00f3n en CD de Entrop\u00eda Records, lanzado oficialmente el 24 de junio de 2016. Cuenta con 13 temas&nbsp;de Punkzer y una interpretaci\u00f3n del tema \u00abTime for you to go\u00bb&nbsp;de Sum 41. Lista de temas: Blanco F\u00e1cil 10:10 No me digas Para\u00edso Hasta el final Intoxicado Esa sensaci\u00f3n No s\u00e9 [&hellip;]<\/p>\n","protected":false},"author":1,"featured_media":1070,"parent":1089,"menu_order":0,"comment_status":"closed","ping_status":"closed","template":"","meta":{"ngg_post_thumbnail":0,"footnotes":""},"class_list":["post-1077","page","type-page","status-publish","has-post-thumbnail","hentry"],"_links":{"self":[{"href":"http:\/\/entropiarecords.com\/en\/wp-json\/wp\/v2\/pages\/1077","targetHints":{"allow":["GET"]}}],"collection":[{"href":"http:\/\/entropiarecords.com\/en\/wp-json\/wp\/v2\/pages"}],"about":[{"href":"http:\/\/entropiarecords.com\/en\/wp-json\/wp\/v2\/types\/page"}],"author":[{"embeddable":true,"href":"http:\/\/entropiarecords.com\/en\/wp-json\/wp\/v2\/users\/1"}],"replies":[{"embeddable":true,"href":"http:\/\/entropiarecords.com\/en\/wp-json\/wp\/v2\/comments?post=1077"}],"version-history":[{"count":2,"href":"http:\/\/entropiarecords.com\/en\/wp-json\/wp\/v2\/pages\/1077\/revisions"}],"predecessor-version":[{"id":1579,"href":"http:\/\/entropiarecords.com\/en\/wp-json\/wp\/v2\/pages\/1077\/revisions\/1579"}],"up":[{"embeddable":true,"href":"http:\/\/entropiarecords.com\/en\/wp-json\/wp\/v2\/pages\/1089"}],"wp:featuredmedia":[{"embeddable":true,"href":"http:\/\/entropiarecords.com\/en\/wp-json\/wp\/v2\/media\/1070"}],"wp:attachment":[{"href":"http:\/\/entropiarecords.com\/en\/wp-json\/wp\/v2\/media?parent=1077"}],"curies":[{"name":"wp","href":"https:\/\/api.w.org\/{rel}","templated":true}]}}